{"id":61,"date":"2016-03-23T13:09:12","date_gmt":"2016-03-23T12:09:12","guid":{"rendered":"http:\/\/www.grathix.net\/grathix\/?page_id=61"},"modified":"2026-03-18T09:03:13","modified_gmt":"2026-03-18T08:03:13","slug":"content-management","status":"publish","type":"page","link":"https:\/\/www.grathix.net\/grathix\/was-grathix-webdesign-bietet\/dienstleistungen\/content-management\/","title":{"rendered":"Content Management"},"content":{"rendered":"\n<h1 class=\"wp-block-heading\"><span style=\"color: #00ff00;\"><strong>CMS<\/strong><\/span><\/h1>\n\n\n\n<p>Ein Content-Management-System (kurz CMS, deutsch&nbsp;Inhaltsverwaltungssystem) ist eine Software zur gemeinschaftlichen Erstellung, Bearbeitung und Organisation von Inhalten (Content) zumeist in Webseiten, aber auch in anderen Medienformen. Diese k\u00f6nnen aus Text- und Multimedia-Dokumenten bestehen. Besonderer Wert wird bei CMS auf eine medienneutrale Datenhaltung gelegt. So kann ein Inhalt auf Wunsch beispielsweise als PDF- oder als HTML-Dokument abrufbar sein; die Formate werden bei volldynamischen Systemen erst bei der Abfrage aus der Datenbank generiert.<\/p>\n\n\n<div class=\"wp-block-image\">\n<figure class=\"aligncenter\"><img loading=\"lazy\" decoding=\"async\" width=\"613\" height=\"288\" src=\"http:\/\/www.grathix.net\/grathix\/wp-content\/uploads\/2016\/03\/CMS_erklrung.png\" alt=\"CMS_erklrung\" class=\"wp-image-110\" srcset=\"https:\/\/www.grathix.net\/grathix\/wp-content\/uploads\/2016\/03\/CMS_erklrung.png 613w, https:\/\/www.grathix.net\/grathix\/wp-content\/uploads\/2016\/03\/CMS_erklrung-350x164.png 350w, https:\/\/www.grathix.net\/grathix\/wp-content\/uploads\/2016\/03\/CMS_erklrung-300x141.png 300w, https:\/\/www.grathix.net\/grathix\/wp-content\/uploads\/2016\/03\/CMS_erklrung-416x195.png 416w\" sizes=\"auto, (max-width: 613px) 100vw, 613px\" \/><\/figure>\n<\/div>\n\n\n<p><\/p>\n\n\n\n<hr class=\"wp-block-separator has-alpha-channel-opacity\"\/>\n\n\n\n<h1 class=\"wp-block-heading\"><span style=\"color: #00ff00;\"><strong>Exchange Support<\/strong><\/span><\/h1>\n\n\n\n<p>Der Exchange Server ist ein Groupware- und Nachrichtensystem des Unternehmens Microsoft. Er findet vor allem in von Microsoft-Produkten gepr\u00e4gten Infrastrukturen Verwendung und eignet sich f\u00fcr alle Gr\u00f6\u00dfen von Netzwerken. Es k\u00f6nnen beispielsweise Intranets aufgebaut und gepflegt, E-Mails verwaltet und gefiltert, Zeitpl\u00e4ne erstellt, Termine vereinbart und Diskussionen gef\u00fchrt werden.<\/p>\n\n\n\n<p>Microsoft Exchange Server benutzt ein propriet\u00e4res RPC-Protokoll namens MAPI, welches unter anderem auch von Microsoft Outlook verwendet wird. Entourage, Microsofts PIM-Software und Exchange-Client f\u00fcr Mac OS X, nutzt WebDAV anstelle von MAPI.<\/p>\n\n\n\n<figure class=\"wp-block-image size-full is-resized\"><img loading=\"lazy\" decoding=\"async\" width=\"300\" height=\"200\" src=\"https:\/\/www.grathix.net\/grathix\/wp-content\/uploads\/2016\/03\/Support.png\" alt=\"\" class=\"wp-image-362\" style=\"width:671px;height:auto\"\/><\/figure>\n","protected":false},"excerpt":{"rendered":"<p>CMS Ein Content-Management-System (kurz CMS, deutsch&nbsp;Inhaltsverwaltungssystem) ist eine Software zur gemeinschaftlichen Erstellung, Bearbeitung und Organisation von Inhalten (Content) zumeist in Webseiten, aber auch in anderen Medienformen. Diese k\u00f6nnen aus Text- und Multimedia-Dokumenten bestehen. Besonderer Wert wird bei CMS auf eine medienneutrale Datenhaltung gelegt. So kann ein Inhalt auf Wunsch beispielsweise als PDF- oder als HTML-Dokument &hellip; <\/p>\n<p class=\"link-more\"><a href=\"https:\/\/www.grathix.net\/grathix\/was-grathix-webdesign-bietet\/dienstleistungen\/content-management\/\" class=\"more-link\"><span class=\"screen-reader-text\">\u201eContent Management\u201c <\/span>weiterlesen<\/a><\/p>\n","protected":false},"author":1,"featured_media":0,"parent":15,"menu_order":1,"comment_status":"closed","ping_status":"closed","template":"","meta":{"footnotes":""},"class_list":["post-61","page","type-page","status-publish","hentry"],"_links":{"self":[{"href":"https:\/\/www.grathix.net\/grathix\/wp-json\/wp\/v2\/pages\/61","targetHints":{"allow":["GET"]}}],"collection":[{"href":"https:\/\/www.grathix.net\/grathix\/wp-json\/wp\/v2\/pages"}],"about":[{"href":"https:\/\/www.grathix.net\/grathix\/wp-json\/wp\/v2\/types\/page"}],"author":[{"embeddable":true,"href":"https:\/\/www.grathix.net\/grathix\/wp-json\/wp\/v2\/users\/1"}],"replies":[{"embeddable":true,"href":"https:\/\/www.grathix.net\/grathix\/wp-json\/wp\/v2\/comments?post=61"}],"version-history":[{"count":7,"href":"https:\/\/www.grathix.net\/grathix\/wp-json\/wp\/v2\/pages\/61\/revisions"}],"predecessor-version":[{"id":1127,"href":"https:\/\/www.grathix.net\/grathix\/wp-json\/wp\/v2\/pages\/61\/revisions\/1127"}],"up":[{"embeddable":true,"href":"https:\/\/www.grathix.net\/grathix\/wp-json\/wp\/v2\/pages\/15"}],"wp:attachment":[{"href":"https:\/\/www.grathix.net\/grathix\/wp-json\/wp\/v2\/media?parent=61"}],"curies":[{"name":"wp","href":"https:\/\/api.w.org\/{rel}","templated":true}]}}