{"id":694,"date":"2016-06-30T07:49:39","date_gmt":"2016-06-30T05:49:39","guid":{"rendered":"http:\/\/www.grathix.net\/grathix\/?page_id=694"},"modified":"2026-03-30T09:50:52","modified_gmt":"2026-03-30T07:50:52","slug":"was-grathix-webdesign-bietet","status":"publish","type":"page","link":"https:\/\/www.grathix.net\/grathix\/","title":{"rendered":"GRATHIX bietet&#8230;"},"content":{"rendered":"<p><span style=\"color: #ffcc00;\">GRATHIX bietet verschiedene CMS L\u00f6sungen f\u00fcr Internetseiten und Internet-Shops, die es dem Endkunden erlauben die Seite und deren Inhalte selber zu verwalten und \u201eup 2 date\u201c zu halten. Des weiteren bieten wir professionelles Webdesign, Grafikdesign, Corporate Design, Logodesign, Social Media Marketing Konzepte und weitere Designpakete zu fairen Preisen.<\/span><\/p>\n<p><img loading=\"lazy\" decoding=\"async\" class=\"alignnone size-full wp-image-1215\" src=\"https:\/\/www.grathix.net\/grathix\/wp-content\/uploads\/2026\/03\/Webseiten-erstellt-durch-GRATHIX.png\" alt=\"\" width=\"1024\" height=\"519\" srcset=\"https:\/\/www.grathix.net\/grathix\/wp-content\/uploads\/2026\/03\/Webseiten-erstellt-durch-GRATHIX.png 1024w, https:\/\/www.grathix.net\/grathix\/wp-content\/uploads\/2026\/03\/Webseiten-erstellt-durch-GRATHIX-300x152.png 300w, https:\/\/www.grathix.net\/grathix\/wp-content\/uploads\/2026\/03\/Webseiten-erstellt-durch-GRATHIX-350x177.png 350w\" sizes=\"auto, (max-width: 706px) 89vw, (max-width: 767px) 82vw, 740px\" \/><\/p>\n<p><span style=\"color: #ffcc00;\">Wir verfolgen moderne Ans\u00e4tze und innovative Technologien, um eindrucksvolle Designs und Grafiken zu entwerfen. Ganz gleich, ob Sie Ihrer Website oder Firmenidentit\u00e4t ein neues Aussehen verpassen wollen oder ein vorhandenes aufleben lassen wollen, wir bieten die Gelegenheiten und das Fachwissen, damit Sie Ihre Ziele verwirklichen.<\/span><\/p>\n<p><span style=\"color: #ffcc00;\">Wir erstellen Ihren Web-Shop mittels CMS, auf Kundenwunsch inkl. POS-Anbindung sowie die Integrierung von verschiedenen Zahlungsm\u00f6glichkeiten. Kredit und Bankkarten-Leseger\u00e4t k\u00f6nnen problemlos \u00fcber WLAN oder \u00fcber Kabel eingebunden werden, somit k\u00f6nnen Ihre Kunden auch im physischen Shop ganz einfach bezahlen. Je nach Produktpalette (ca. 1-3000 Prod.) ist der Online-Shop innert 7 Tage einsatzbereit.<\/span><\/p>\n\n\n<p><\/p>\n\n\n<div class=\"wp-block-image\">\n<figure class=\"aligncenter size-full is-resized\"><img loading=\"lazy\" decoding=\"async\" width=\"230\" height=\"75\" src=\"https:\/\/www.grathix.net\/grathix\/wp-content\/uploads\/2016\/03\/webcommerce_logo_4.png\" alt=\"\" class=\"wp-image-67\" style=\"aspect-ratio:3.066855597062991;width:602px;height:auto\"\/><\/figure>\n<\/div>","protected":false},"excerpt":{"rendered":"<p>GRATHIX bietet verschiedene CMS L\u00f6sungen f\u00fcr Internetseiten und Internet-Shops, die es dem Endkunden erlauben die Seite und deren Inhalte selber zu verwalten und \u201eup 2 date\u201c zu halten. Des weiteren bieten wir professionelles Webdesign, Grafikdesign, Corporate Design, Logodesign, Social Media Marketing Konzepte und weitere Designpakete zu fairen Preisen. Wir verfolgen moderne Ans\u00e4tze und innovative Technologien, &hellip; <\/p>\n<p class=\"link-more\"><a href=\"https:\/\/www.grathix.net\/grathix\/\" class=\"more-link\"><span class=\"screen-reader-text\">\u201eGRATHIX bietet&#8230;\u201c <\/span>weiterlesen<\/a><\/p>\n","protected":false},"author":1,"featured_media":0,"parent":0,"menu_order":1,"comment_status":"closed","ping_status":"closed","template":"","meta":{"footnotes":""},"class_list":["post-694","page","type-page","status-publish","hentry"],"_links":{"self":[{"href":"https:\/\/www.grathix.net\/grathix\/wp-json\/wp\/v2\/pages\/694","targetHints":{"allow":["GET"]}}],"collection":[{"href":"https:\/\/www.grathix.net\/grathix\/wp-json\/wp\/v2\/pages"}],"about":[{"href":"https:\/\/www.grathix.net\/grathix\/wp-json\/wp\/v2\/types\/page"}],"author":[{"embeddable":true,"href":"https:\/\/www.grathix.net\/grathix\/wp-json\/wp\/v2\/users\/1"}],"replies":[{"embeddable":true,"href":"https:\/\/www.grathix.net\/grathix\/wp-json\/wp\/v2\/comments?post=694"}],"version-history":[{"count":18,"href":"https:\/\/www.grathix.net\/grathix\/wp-json\/wp\/v2\/pages\/694\/revisions"}],"predecessor-version":[{"id":1217,"href":"https:\/\/www.grathix.net\/grathix\/wp-json\/wp\/v2\/pages\/694\/revisions\/1217"}],"wp:attachment":[{"href":"https:\/\/www.grathix.net\/grathix\/wp-json\/wp\/v2\/media?parent=694"}],"curies":[{"name":"wp","href":"https:\/\/api.w.org\/{rel}","templated":true}]}}